{"id":987,"date":"2021-04-07T08:17:25","date_gmt":"2021-04-07T08:17:25","guid":{"rendered":"http:\/\/weyers-architekten.de\/?page_id=987"},"modified":"2021-05-04T14:26:42","modified_gmt":"2021-05-04T14:26:42","slug":"buero","status":"publish","type":"page","link":"http:\/\/weyers-architekten.de\/?page_id=987","title":{"rendered":"B\u00fcro"},"content":{"rendered":"<p>[et_pb_section fb_built=&#8220;1&#8243; disabled_on=&#8220;off|off|off&#8220; _builder_version=&#8220;4.9.1&#8243; _module_preset=&#8220;default&#8220; locked=&#8220;off&#8220;][et_pb_row _builder_version=&#8220;4.9.1&#8243; _module_preset=&#8220;default&#8220;][et_pb_column type=&#8220;4_4&#8243; _builder_version=&#8220;4.9.1&#8243; _module_preset=&#8220;default&#8220;][et_pb_image src=&#8220;http:\/\/weyers-architekten.de\/wp-content\/uploads\/2021\/04\/Home-Bild.png&#8220; title_text=&#8220;Home-Bild&#8220; _builder_version=&#8220;4.9.1&#8243; _module_preset=&#8220;default&#8220; transform_scale_tablet=&#8220;&#8220; transform_scale_phone=&#8220;51%|25%&#8220; transform_scale_last_edited=&#8220;on|phone&#8220; transform_scale_linked_phone=&#8220;off&#8220; transform_translate_tablet=&#8220;&#8220; transform_translate_phone=&#8220;&#8220; transform_translate_last_edited=&#8220;on|phone&#8220; transform_rotate_tablet=&#8220;&#8220; transform_rotate_phone=&#8220;&#8220; transform_rotate_last_edited=&#8220;on|phone&#8220; transform_skew_tablet=&#8220;&#8220; transform_skew_phone=&#8220;&#8220; transform_skew_last_edited=&#8220;on|phone&#8220; transform_origin_tablet=&#8220;&#8220; transform_origin_phone=&#8220;&#8220; transform_origin_last_edited=&#8220;on|phone&#8220; transform_styles_last_edited=&#8220;on|phone&#8220; width=&#8220;238%&#8220; width_tablet=&#8220;&#8220; width_phone=&#8220;260%&#8220; width_last_edited=&#8220;on|phone&#8220; height=&#8220;1107px&#8220; custom_margin=&#8220;-200px|||-733px|false|false&#8220; custom_margin_tablet=&#8220;&#8220; custom_margin_phone=&#8220;-494px|||-279px|false|false&#8220; custom_margin_last_edited=&#8220;on|phone&#8220; transform_styles_tablet=&#8220;&#8220; transform_styles_phone=&#8220;&#8220;][\/et_pb_image][\/et_pb_column][\/et_pb_row][\/et_pb_section][et_pb_section fb_built=&#8220;1&#8243; disabled_on=&#8220;off|off|off&#8220; _builder_version=&#8220;4.9.1&#8243; _module_preset=&#8220;default&#8220;][et_pb_row _builder_version=&#8220;4.9.1&#8243; _module_preset=&#8220;default&#8220; custom_margin=&#8220;-110px|||970px|false|false&#8220; custom_margin_tablet=&#8220;&#8220; custom_margin_phone=&#8220;-110px|||0px|false|false&#8220; custom_margin_last_edited=&#8220;on|phone&#8220;][et_pb_column type=&#8220;4_4&#8243; _builder_version=&#8220;4.9.1&#8243; _module_preset=&#8220;default&#8220;][et_pb_text _builder_version=&#8220;4.9.1&#8243; _module_preset=&#8220;default&#8220; header_font=&#8220;Arial|900|||||||&#8220; header_font_size=&#8220;45px&#8220; custom_margin=&#8220;|||200px|false|false&#8220; custom_margin_tablet=&#8220;&#8220; custom_margin_phone=&#8220;-415px|||145px|false|false&#8220; custom_margin_last_edited=&#8220;on|phone&#8220;]<\/p>\n<h1>B\u00fcro<\/h1>\n<p>[\/et_pb_text][\/et_pb_column][\/et_pb_row][et_pb_row _builder_version=&#8220;4.9.1&#8243; _module_preset=&#8220;default&#8220;][et_pb_column type=&#8220;4_4&#8243; _builder_version=&#8220;4.9.1&#8243; _module_preset=&#8220;default&#8220;][et_pb_text _builder_version=&#8220;4.9.1&#8243; _module_preset=&#8220;default&#8220; header_font=&#8220;Arial||||||||&#8220; header_text_color=&#8220;#000000&#8243; header_font_size=&#8220;23px&#8220; header_line_height=&#8220;1.1em&#8220; custom_margin=&#8220;0px||-60px||false|false&#8220; custom_margin_tablet=&#8220;&#8220; custom_margin_phone=&#8220;-385px||-60px||false|false&#8220; custom_margin_last_edited=&#8220;on|phone&#8220;]<\/p>\n<h1 style=\"text-align: justify;\"><span>Das B\u00fcro Weyers Architekten arbeitet seit 1978 freischaffend in allen Bereichen der Architektur, Innenarchitektur und Freianlagenplanung. <\/span><\/h1>\n<h1 style=\"text-align: justify;\"><span>Zu den bundesweit realisierten Bauvorhaben z\u00e4hlen neben Neubauten auch An-, Um- und Ausbauten sowie komplexe Modernisierungs- und Instandsetzungsma\u00dfnahmen. <\/span><\/h1>\n<h1 style=\"text-align: justify;\"><span>Unser nach EN ISO 9001:2000 zertifiziertes Qualit\u00e4tsmanagementsystem garantiert eine sorgf\u00e4ltige, termingerechte Bearbeitung von der Entwurfsplanung, \u00fcber die Genehmigungs- und Ausf\u00fchrungsplanung, bis zur Bau\u00fcberwachung und Dokumentation. <\/span><\/h1>\n<h1 style=\"text-align: justify;\"><span>Die Bau\u00fcberwachung kann durch einen zertifizierten Koordinator f\u00fcr Sicherheits- und Gesundheitsschutz nach Baustellenverordnung begleitet werden. <\/span><\/h1>\n<h1 style=\"text-align: justify;\"><span>Dar\u00fcber hinaus werden Gutachten f\u00fcr Brandsch\u00e4den, Grundst\u00fccks- und Geb\u00e4udewertermittlungen sowie Sachverst\u00e4ndigennachweise f\u00fcr Schall- und W\u00e4rmeschutz aufgestellt. Zertifizierte Thermografen f\u00fchren Infrarot- und BlowerDoor-Messungen durch und erstellen Energieausweise. <\/span><\/h1>\n<h1 style=\"text-align: justify;\"><span>Das B\u00fcro Weyers Architekten bietet diverse Zusatzleistungen wie z.B. computergest\u00fctzten Modellbau, graphische 3D-Darstellungen, Lichtsimulationen sowie animierte Visualisierungen geplanter Objekte.<\/span><\/h1>\n<p>[\/et_pb_text][\/et_pb_column][\/et_pb_row][\/et_pb_section][et_pb_section fb_built=&#8220;1&#8243; disabled_on=&#8220;off|off|off&#8220; _builder_version=&#8220;4.9.1&#8243; _module_preset=&#8220;default&#8220;][et_pb_row column_structure=&#8220;1_2,1_2&#8243; _builder_version=&#8220;4.9.1&#8243; _module_preset=&#8220;default&#8220;][et_pb_column type=&#8220;1_2&#8243; _builder_version=&#8220;4.9.1&#8243; _module_preset=&#8220;default&#8220;][et_pb_image src=&#8220;data:image\/svg+xml;base64,PHN2ZyB3aWR0aD0iMTA4MCIgaGVpZ2h0PSI1NDAiIHZpZXdCb3g9IjAgMCAxMDgwIDU0MCIgeG1sbnM9Imh0dHA6Ly93d3cudzMub3JnLzIwMDAvc3ZnIj4KICAgIDxnIGZpbGw9Im5vbmUiIGZpbGwtcnVsZT0iZXZlbm9kZCI+CiAgICAgICAgPHBhdGggZmlsbD0iI0VCRUJFQiIgZD0iTTAgMGgxMDgwdjU0MEgweiIvPgogICAgICAgIDxwYXRoIGQ9Ik00NDUuNjQ5IDU0MGgtOTguOTk1TDE0NC42NDkgMzM3Ljk5NSAwIDQ4Mi42NDR2LTk4Ljk5NWwxMTYuMzY1LTExNi4zNjVjMTUuNjItMTUuNjIgNDAuOTQ3LTE1LjYyIDU2LjU2OCAwTDQ0NS42NSA1NDB6IiBmaWxsLW9wYWNpdHk9Ii4xIiBmaWxsPSIjMDAwIiBmaWxsLXJ1bGU9Im5vbnplcm8iLz4KICAgICAgICA8Y2lyY2xlIGZpbGwtb3BhY2l0eT0iLjA1IiBmaWxsPSIjMDAwIiBjeD0iMzMxIiBjeT0iMTQ4IiByPSI3MCIvPgogICAgICAgIDxwYXRoIGQ9Ik0xMDgwIDM3OXYxMTMuMTM3TDcyOC4xNjIgMTQwLjMgMzI4LjQ2MiA1NDBIMjE1LjMyNEw2OTkuODc4IDU1LjQ0NmMxNS42Mi0xNS42MiA0MC45NDgtMTUuNjIgNTYuNTY4IDBMMTA4MCAzNzl6IiBmaWxsLW9wYWNpdHk9Ii4yIiBmaWxsPSIjMDAwIiBmaWxsLXJ1bGU9Im5vbnplcm8iLz4KICAgIDwvZz4KPC9zdmc+Cg==&#8220; _builder_version=&#8220;4.9.1&#8243; _module_preset=&#8220;default&#8220; custom_margin_tablet=&#8220;&#8220; custom_margin_phone=&#8220;-25px||||false|false&#8220; custom_margin_last_edited=&#8220;on|phone&#8220;][\/et_pb_image][et_pb_text _builder_version=&#8220;4.9.1&#8243; _module_preset=&#8220;default&#8220; header_font=&#8220;Arial||||||||&#8220; custom_margin=&#8220;|||180px|false|false&#8220; custom_margin_tablet=&#8220;&#8220; custom_margin_phone=&#8220;|||70px|false|false&#8220; custom_margin_last_edited=&#8220;on|phone&#8220;]<\/p>\n<h1>Jens Weyers<\/h1>\n<p>[\/et_pb_text][\/et_pb_column][et_pb_column type=&#8220;1_2&#8243; _builder_version=&#8220;4.9.1&#8243; _module_preset=&#8220;default&#8220;][et_pb_image src=&#8220;data:image\/svg+xml;base64,PHN2ZyB3aWR0aD0iMTA4MCIgaGVpZ2h0PSI1NDAiIHZpZXdCb3g9IjAgMCAxMDgwIDU0MCIgeG1sbnM9Imh0dHA6Ly93d3cudzMub3JnLzIwMDAvc3ZnIj4KICAgIDxnIGZpbGw9Im5vbmUiIGZpbGwtcnVsZT0iZXZlbm9kZCI+CiAgICAgICAgPHBhdGggZmlsbD0iI0VCRUJFQiIgZD0iTTAgMGgxMDgwdjU0MEgweiIvPgogICAgICAgIDxwYXRoIGQ9Ik00NDUuNjQ5IDU0MGgtOTguOTk1TDE0NC42NDkgMzM3Ljk5NSAwIDQ4Mi42NDR2LTk4Ljk5NWwxMTYuMzY1LTExNi4zNjVjMTUuNjItMTUuNjIgNDAuOTQ3LTE1LjYyIDU2LjU2OCAwTDQ0NS42NSA1NDB6IiBmaWxsLW9wYWNpdHk9Ii4xIiBmaWxsPSIjMDAwIiBmaWxsLXJ1bGU9Im5vbnplcm8iLz4KICAgICAgICA8Y2lyY2xlIGZpbGwtb3BhY2l0eT0iLjA1IiBmaWxsPSIjMDAwIiBjeD0iMzMxIiBjeT0iMTQ4IiByPSI3MCIvPgogICAgICAgIDxwYXRoIGQ9Ik0xMDgwIDM3OXYxMTMuMTM3TDcyOC4xNjIgMTQwLjMgMzI4LjQ2MiA1NDBIMjE1LjMyNEw2OTkuODc4IDU1LjQ0NmMxNS42Mi0xNS42MiA0MC45NDgtMTUuNjIgNTYuNTY4IDBMMTA4MCAzNzl6IiBmaWxsLW9wYWNpdHk9Ii4yIiBmaWxsPSIjMDAwIiBmaWxsLXJ1bGU9Im5vbnplcm8iLz4KICAgIDwvZz4KPC9zdmc+Cg==&#8220; _builder_version=&#8220;4.9.1&#8243; _module_preset=&#8220;default&#8220;][\/et_pb_image][et_pb_text _builder_version=&#8220;4.9.1&#8243; _module_preset=&#8220;default&#8220; header_font=&#8220;Arial||||||||&#8220; custom_margin=&#8220;|||155px|false|false&#8220; custom_margin_tablet=&#8220;&#8220; custom_margin_phone=&#8220;|||70px|false|false&#8220; custom_margin_last_edited=&#8220;on|phone&#8220;]<\/p>\n<h1>Rainer Weyers<\/h1>\n<p>[\/et_pb_text][\/et_pb_column][\/et_pb_row][et_pb_row _builder_version=&#8220;4.9.1&#8243; _module_preset=&#8220;default&#8220;][et_pb_column type=&#8220;4_4&#8243; _builder_version=&#8220;4.9.1&#8243; _module_preset=&#8220;default&#8220;][et_pb_image src=&#8220;http:\/\/weyers-architekten.de\/wp-content\/uploads\/2019\/09\/IMG_0321-e1618405452914.jpg&#8220; title_text=&#8220;SONY DSC&#8220; _builder_version=&#8220;4.9.1&#8243; _module_preset=&#8220;default&#8220; width_tablet=&#8220;&#8220; width_phone=&#8220;115%&#8220; width_last_edited=&#8220;on|phone&#8220; height_tablet=&#8220;&#8220; height_phone=&#8220;196px&#8220; height_last_edited=&#8220;on|phone&#8220; custom_margin_tablet=&#8220;&#8220; custom_margin_phone=&#8220;|||-20px|false|false&#8220; custom_margin_last_edited=&#8220;on|phone&#8220;][\/et_pb_image][\/et_pb_column][\/et_pb_row][et_pb_row _builder_version=&#8220;4.9.1&#8243; _module_preset=&#8220;default&#8220;][et_pb_column type=&#8220;4_4&#8243; _builder_version=&#8220;4.9.1&#8243; _module_preset=&#8220;default&#8220;][et_pb_text _builder_version=&#8220;4.9.1&#8243; _module_preset=&#8220;default&#8220; header_font=&#8220;Arial|700|||||||&#8220; header_font_size=&#8220;45px&#8220; width=&#8220;47%&#8220; width_tablet=&#8220;&#8220; width_phone=&#8220;120%&#8220; width_last_edited=&#8220;on|phone&#8220; custom_margin=&#8220;|||300px|false|false&#8220; custom_margin_tablet=&#8220;&#8220; custom_margin_phone=&#8220;|||-30px|false|false&#8220; custom_margin_last_edited=&#8220;on|phone&#8220;]<\/p>\n<h1 style=\"text-align: center;\">Es ist die Leidenschaft die uns antreibt<\/h1>\n<p>[\/et_pb_text][et_pb_text _builder_version=&#8220;4.9.1&#8243; _module_preset=&#8220;default&#8220; header_2_font=&#8220;Arial||||||||&#8220; header_2_font_size=&#8220;23px&#8220;]<\/p>\n<h2 style=\"text-align: justify;\">Ob Lage, Stil oder Material &#8211; Wir sind erst zufrieden, wenn alles perfekt Miteinander Harmoniert. Wenn die Fassade elegant mit Licht und Schatten spielt und feine Kontraste daf\u00fcr sorgen, dass die Linien der Architektur nimelas langweilig werden.<\/h2>\n<h2 style=\"text-align: justify;\">Schlie\u00dflich m\u00f6chten wir Geb\u00e4ude schaffen, die zum Innehalten bewegen. Mit einem Potpourri aus kreativen Ideen, detailverliebter Handwerkskunst und ausgew\u00e4hlten Baustoffen, deren Qualit\u00e4t f\u00fcr mehrere Generationen ausgelegt ist.<\/h2>\n<h2 style=\"text-align: justify;\">Daf\u00fcr will jedes einzelne Element etwas Besonderes sein. Wie zum Beispiel die ganz speziellen Klinker, die wir f\u00fcr eine ganz besondere Fassade brennen lie\u00dfen. In traditionellem Torfbrand auf Holzfeuerung, damit jeder Stein zu einem Solit\u00e4r wird.<\/h2>\n<h2 style=\"text-align: justify;\">Schlie\u00dflich kann eine Mauer eine Mauer sein. Oder ein Kunstwerk, mit exakt abgestimmter Fugentiefe und -farbe f\u00fcr die perfekte Schattenwirkung. Daf\u00fcr lassen wir, falls notwendig, die einzig richtige Nuance sogar speziell f\u00fcr uns produzieren.<\/h2>\n<h2 style=\"text-align: justify;\">Ja, wir k\u00f6nnten jetzt noch \u00fcber die Langlebigkeit von Eichenholz oder die vulkanische Haptik und \u00c4sthetik von Basalt philosophieren. Doch am Ende des Weges z\u00e4hlt nur eins: Ein Bauwerk, auf das wir als Bauherren mit Fug und Recht stolz sein k\u00f6nnen.<\/h2>\n<p>[\/et_pb_text][\/et_pb_column][\/et_pb_row][\/et_pb_section][et_pb_section fb_built=&#8220;1&#8243; fullwidth=&#8220;on&#8220; disabled_on=&#8220;off|off|off&#8220; _builder_version=&#8220;4.9.1&#8243; _module_preset=&#8220;default&#8220;][et_pb_fullwidth_image src=&#8220;http:\/\/weyers-architekten.de\/wp-content\/uploads\/2021\/04\/p_index_pan_top.gif&#8220; title_text=&#8220;p_index_pan_top&#8220; _builder_version=&#8220;4.9.1&#8243; _module_preset=&#8220;default&#8220; transform_scale_tablet=&#8220;&#8220; transform_scale_phone=&#8220;110%|200%&#8220; transform_scale_last_edited=&#8220;on|phone&#8220; transform_scale_linked_phone=&#8220;off&#8220; transform_translate_tablet=&#8220;&#8220; transform_translate_phone=&#8220;&#8220; transform_translate_last_edited=&#8220;on|phone&#8220; transform_rotate_tablet=&#8220;&#8220; transform_rotate_phone=&#8220;&#8220; transform_rotate_last_edited=&#8220;on|phone&#8220; transform_skew_tablet=&#8220;&#8220; transform_skew_phone=&#8220;&#8220; transform_skew_last_edited=&#8220;on|phone&#8220; transform_origin_tablet=&#8220;&#8220; transform_origin_phone=&#8220;&#8220; transform_origin_last_edited=&#8220;on|phone&#8220; transform_styles_last_edited=&#8220;on|phone&#8220; width_tablet=&#8220;&#8220; width_phone=&#8220;92%&#8220; width_last_edited=&#8220;on|phone&#8220; height_tablet=&#8220;&#8220; height_phone=&#8220;150px&#8220; height_last_edited=&#8220;on|phone&#8220; custom_margin_tablet=&#8220;&#8220; custom_margin_phone=&#8220;10px||-59px|19px|false|false&#8220; custom_margin_last_edited=&#8220;on|phone&#8220; transform_styles_tablet=&#8220;&#8220; transform_styles_phone=&#8220;&#8220;][\/et_pb_fullwidth_image][\/et_pb_section][et_pb_section fb_built=&#8220;1&#8243; disabled_on=&#8220;off|off|off&#8220; _builder_version=&#8220;4.9.1&#8243; _module_preset=&#8220;default&#8220;][et_pb_row column_structure=&#8220;1_3,2_3&#8243; _builder_version=&#8220;4.9.1&#8243; _module_preset=&#8220;default&#8220;][et_pb_column type=&#8220;1_3&#8243; _builder_version=&#8220;4.9.1&#8243; _module_preset=&#8220;default&#8220;][et_pb_image src=&#8220;http:\/\/weyers-architekten.de\/wp-content\/uploads\/2019\/09\/IMG_0121-e1618496525226.jpg&#8220; title_text=&#8220;IMG_0121&#8243; _builder_version=&#8220;4.9.1&#8243; _module_preset=&#8220;default&#8220; width=&#8220;300%&#8220; width_tablet=&#8220;&#8220; width_phone=&#8220;125%&#8220; width_last_edited=&#8220;on|phone&#8220; height=&#8220;710px&#8220; height_tablet=&#8220;&#8220; height_phone=&#8220;auto&#8220; height_last_edited=&#8220;on|phone&#8220; custom_margin=&#8220;-55px|||-733px|false|false&#8220; custom_margin_tablet=&#8220;&#8220; custom_margin_phone=&#8220;-150px|||-40px|false|false&#8220; custom_margin_last_edited=&#8220;on|phone&#8220;][\/et_pb_image][\/et_pb_column][et_pb_column type=&#8220;2_3&#8243; _builder_version=&#8220;4.9.1&#8243; _module_preset=&#8220;default&#8220;][et_pb_image src=&#8220;http:\/\/weyers-architekten.de\/wp-content\/uploads\/2019\/09\/IMG_0738.jpg&#8220; _builder_version=&#8220;4.9.1&#8243; _module_preset=&#8220;default&#8220; width=&#8220;320%&#8220; width_tablet=&#8220;&#8220; width_phone=&#8220;145%&#8220; width_last_edited=&#8220;on|phone&#8220; height=&#8220;709px&#8220; height_tablet=&#8220;&#8220; height_phone=&#8220;230px&#8220; height_last_edited=&#8220;on|phone&#8220; custom_margin=&#8220;-54px|||-179px|false|false&#8220; custom_margin_tablet=&#8220;&#8220; custom_margin_phone=&#8220;-22px|||-100px|false|false&#8220; custom_margin_last_edited=&#8220;on|phone&#8220;][\/et_pb_image][et_pb_text _builder_version=&#8220;4.9.1&#8243; _module_preset=&#8220;default&#8220; header_font=&#8220;Arial||||||||&#8220; header_text_color=&#8220;#FFFFFF&#8220; background_color=&#8220;rgba(0,0,0,0.6)&#8220; width_tablet=&#8220;&#8220; width_phone=&#8220;120%&#8220; width_last_edited=&#8220;on|phone&#8220; custom_margin=&#8220;-475px|-280px||280px|false|false&#8220; custom_margin_tablet=&#8220;&#8220; custom_margin_phone=&#8220;-253px|-280px|-9px|-32px|false|false&#8220; custom_margin_last_edited=&#8220;on|phone&#8220; custom_padding=&#8220;25px|25px|25px|25px|false|false&#8220; custom_padding_tablet=&#8220;&#8220; custom_padding_phone=&#8220;35px|25px|30px|25px|false|false&#8220; custom_padding_last_edited=&#8220;on|phone&#8220; header_font_size_tablet=&#8220;&#8220; header_font_size_phone=&#8220;23px&#8220; header_font_size_last_edited=&#8220;on|phone&#8220;]<\/p>\n<h1 style=\"text-align: justify;\"><span>Zu den bundesweit realisierten Bauvorhaben z\u00e4hlen neben Neubauten auch An-, Um- und Ausbauten sowie komplexe Modernisierungs- und Instandsetzungsma\u00dfnahmen.<\/span><\/h1>\n<p>[\/et_pb_text][\/et_pb_column][\/et_pb_row][\/et_pb_section][et_pb_section fb_built=&#8220;1&#8243; fullwidth=&#8220;on&#8220; disabled_on=&#8220;off|off|off&#8220; _builder_version=&#8220;4.9.1&#8243; _module_preset=&#8220;default&#8220;][et_pb_fullwidth_image src=&#8220;http:\/\/weyers-architekten.de\/wp-content\/uploads\/2021\/04\/p_index_pan_bottom.gif&#8220; title_text=&#8220;p_index_pan_bottom&#8220; _builder_version=&#8220;4.9.1&#8243; _module_preset=&#8220;default&#8220; transform_scale_tablet=&#8220;&#8220; transform_scale_phone=&#8220;100%|180%&#8220; transform_scale_last_edited=&#8220;on|phone&#8220; transform_scale_linked_phone=&#8220;off&#8220; transform_translate_tablet=&#8220;&#8220; transform_translate_phone=&#8220;&#8220; transform_translate_last_edited=&#8220;on|phone&#8220; transform_rotate_tablet=&#8220;&#8220; transform_rotate_phone=&#8220;&#8220; transform_rotate_last_edited=&#8220;on|phone&#8220; transform_skew_tablet=&#8220;&#8220; transform_skew_phone=&#8220;&#8220; transform_skew_last_edited=&#8220;on|phone&#8220; transform_origin_tablet=&#8220;&#8220; transform_origin_phone=&#8220;&#8220; transform_origin_last_edited=&#8220;on|phone&#8220; transform_styles_last_edited=&#8220;on|phone&#8220; width_tablet=&#8220;&#8220; width_phone=&#8220;100%&#8220; width_last_edited=&#8220;on|phone&#8220; height_tablet=&#8220;&#8220; height_phone=&#8220;&#8220; height_last_edited=&#8220;on|phone&#8220; custom_margin=&#8220;-50px||||false|false&#8220; custom_margin_tablet=&#8220;&#8220; custom_margin_phone=&#8220;-34px||10px||false|false&#8220; custom_margin_last_edited=&#8220;on|phone&#8220; transform_styles_tablet=&#8220;&#8220; transform_styles_phone=&#8220;&#8220;][\/et_pb_fullwidth_image][\/et_pb_section]<\/p>\n","protected":false},"excerpt":{"rendered":"<p>[et_pb_section fb_built=&#8220;1&#8243; disabled_on=&#8220;off|off|off&#8220; _builder_version=&#8220;4.9.1&#8243; _module_preset=&#8220;default&#8220; locked=&#8220;off&#8220;][et_pb_row _builder_version=&#8220;4.9.1&#8243; _module_preset=&#8220;default&#8220;][et_pb_column type=&#8220;4_4&#8243; _builder_version=&#8220;4.9.1&#8243; _module_preset=&#8220;default&#8220;][et_pb_image src=&#8220;http:\/\/weyers-architekten.de\/wp-content\/uploads\/2021\/04\/Home-Bild.png&#8220; title_text=&#8220;Home-Bild&#8220; _builder_version=&#8220;4.9.1&#8243; _module_preset=&#8220;default&#8220; transform_scale_tablet=&#8220;&#8220; transform_scale_phone=&#8220;51%|25%&#8220; transform_scale_last_edited=&#8220;on|phone&#8220; transform_scale_linked_phone=&#8220;off&#8220; transform_translate_tablet=&#8220;&#8220; transform_translate_phone=&#8220;&#8220; transform_translate_last_edited=&#8220;on|phone&#8220; transform_rotate_tablet=&#8220;&#8220; transform_rotate_phone=&#8220;&#8220; transform_rotate_last_edited=&#8220;on|phone&#8220; transform_skew_tablet=&#8220;&#8220; transform_skew_phone=&#8220;&#8220; transform_skew_last_edited=&#8220;on|phone&#8220; transform_origin_tablet=&#8220;&#8220; transform_origin_phone=&#8220;&#8220; transform_origin_last_edited=&#8220;on|phone&#8220; transform_styles_last_edited=&#8220;on|phone&#8220; width=&#8220;238%&#8220; width_tablet=&#8220;&#8220; width_phone=&#8220;260%&#8220; width_last_edited=&#8220;on|phone&#8220; height=&#8220;1107px&#8220; custom_margin=&#8220;-200px|||-733px|false|false&#8220; custom_margin_tablet=&#8220;&#8220; custom_margin_phone=&#8220;-494px|||-279px|false|false&#8220; custom_margin_last_edited=&#8220;on|phone&#8220; transform_styles_tablet=&#8220;&#8220; transform_styles_phone=&#8220;&#8220;][\/et_pb_image][\/et_pb_column][\/et_pb_row][\/et_pb_section][et_pb_section fb_built=&#8220;1&#8243; disabled_on=&#8220;off|off|off&#8220; _builder_version=&#8220;4.9.1&#8243; _module_preset=&#8220;default&#8220;][et_pb_row _builder_version=&#8220;4.9.1&#8243; _module_preset=&#8220;default&#8220; custom_margin=&#8220;-110px|||970px|false|false&#8220; custom_margin_tablet=&#8220;&#8220; custom_margin_phone=&#8220;-110px|||0px|false|false&#8220; custom_margin_last_edited=&#8220;on|phone&#8220;][et_pb_column type=&#8220;4_4&#8243; _builder_version=&#8220;4.9.1&#8243; [&hellip;]<\/p>\n","protected":false},"author":2,"featured_media":0,"parent":0,"menu_order":0,"comment_status":"closed","ping_status":"closed","template":"","meta":{"_et_pb_use_builder":"on","_et_pb_old_content":"","_et_gb_content_width":""},"_links":{"self":[{"href":"http:\/\/weyers-architekten.de\/index.php?rest_route=\/wp\/v2\/pages\/987"}],"collection":[{"href":"http:\/\/weyers-architekten.de\/index.php?rest_route=\/wp\/v2\/pages"}],"about":[{"href":"http:\/\/weyers-architekten.de\/index.php?rest_route=\/wp\/v2\/types\/page"}],"author":[{"embeddable":true,"href":"http:\/\/weyers-architekten.de\/index.php?rest_route=\/wp\/v2\/users\/2"}],"replies":[{"embeddable":true,"href":"http:\/\/weyers-architekten.de\/index.php?rest_route=%2Fwp%2Fv2%2Fcomments&post=987"}],"version-history":[{"count":56,"href":"http:\/\/weyers-architekten.de\/index.php?rest_route=\/wp\/v2\/pages\/987\/revisions"}],"predecessor-version":[{"id":1633,"href":"http:\/\/weyers-architekten.de\/index.php?rest_route=\/wp\/v2\/pages\/987\/revisions\/1633"}],"wp:attachment":[{"href":"http:\/\/weyers-architekten.de\/index.php?rest_route=%2Fwp%2Fv2%2Fmedia&parent=987"}],"curies":[{"name":"wp","href":"https:\/\/api.w.org\/{rel}","templated":true}]}}