{"id":985,"date":"2021-04-07T08:17:14","date_gmt":"2021-04-07T08:17:14","guid":{"rendered":"http:\/\/weyers-architekten.de\/?page_id=985"},"modified":"2021-05-06T07:59:00","modified_gmt":"2021-05-06T07:59:00","slug":"taetigkeiten","status":"publish","type":"page","link":"http:\/\/weyers-architekten.de\/?page_id=985","title":{"rendered":"T\u00e4tigkeiten"},"content":{"rendered":"<p>[et_pb_section fb_built=&#8220;1&#8243; _builder_version=&#8220;4.9.1&#8243; _module_preset=&#8220;default&#8220; locked=&#8220;off&#8220;][et_pb_row _builder_version=&#8220;4.9.1&#8243; _module_preset=&#8220;default&#8220;][et_pb_column type=&#8220;4_4&#8243; _builder_version=&#8220;4.9.1&#8243; _module_preset=&#8220;default&#8220;][et_pb_image src=&#8220;http:\/\/weyers-architekten.de\/wp-content\/uploads\/2021\/04\/Home-Bild.png&#8220; title_text=&#8220;Home-Bild&#8220; _builder_version=&#8220;4.9.1&#8243; _module_preset=&#8220;default&#8220; transform_scale_tablet=&#8220;&#8220; transform_scale_phone=&#8220;51%|25%&#8220; transform_scale_last_edited=&#8220;on|phone&#8220; transform_scale_linked_phone=&#8220;off&#8220; transform_translate_tablet=&#8220;&#8220; transform_translate_phone=&#8220;&#8220; transform_translate_last_edited=&#8220;on|phone&#8220; transform_rotate_tablet=&#8220;&#8220; transform_rotate_phone=&#8220;&#8220; transform_rotate_last_edited=&#8220;on|phone&#8220; transform_skew_tablet=&#8220;&#8220; transform_skew_phone=&#8220;&#8220; transform_skew_last_edited=&#8220;on|phone&#8220; transform_origin_tablet=&#8220;&#8220; transform_origin_phone=&#8220;&#8220; transform_origin_last_edited=&#8220;on|phone&#8220; transform_styles_last_edited=&#8220;on|phone&#8220; width=&#8220;238%&#8220; width_tablet=&#8220;&#8220; width_phone=&#8220;260%&#8220; width_last_edited=&#8220;on|phone&#8220; height=&#8220;1107px&#8220; custom_margin=&#8220;-200px|||-733px|false|false&#8220; custom_margin_tablet=&#8220;&#8220; custom_margin_phone=&#8220;-494px|||-279px|false|false&#8220; custom_margin_last_edited=&#8220;on|phone&#8220; transform_styles_tablet=&#8220;&#8220; transform_styles_phone=&#8220;&#8220;][\/et_pb_image][\/et_pb_column][\/et_pb_row][\/et_pb_section][et_pb_section fb_built=&#8220;1&#8243; _builder_version=&#8220;4.9.1&#8243; _module_preset=&#8220;default&#8220;][et_pb_row disabled_on=&#8220;off|off|off&#8220; _builder_version=&#8220;4.9.1&#8243; _module_preset=&#8220;default&#8220; custom_margin=&#8220;-110px|||0px|false|false&#8220;][et_pb_column type=&#8220;4_4&#8243; _builder_version=&#8220;4.9.1&#8243; _module_preset=&#8220;default&#8220;][et_pb_text _builder_version=&#8220;4.9.1&#8243; _module_preset=&#8220;default&#8220; header_font=&#8220;Arial|900|||||||&#8220; header_font_size=&#8220;40px&#8220; width=&#8220;100%&#8220; custom_margin=&#8220;|||1160px|false|false&#8220; custom_margin_tablet=&#8220;&#8220; custom_margin_phone=&#8220;-420px|||90px|false|false&#8220; custom_margin_last_edited=&#8220;on|phone&#8220; header_letter_spacing_tablet=&#8220;&#8220; header_letter_spacing_phone=&#8220;1px&#8220; header_letter_spacing_last_edited=&#8220;on|phone&#8220;]<\/p>\n<h1>T\u00e4tigkeiten<\/h1>\n<p>[\/et_pb_text][\/et_pb_column][\/et_pb_row][et_pb_row _builder_version=&#8220;4.9.1&#8243; _module_preset=&#8220;default&#8220;][et_pb_column type=&#8220;4_4&#8243; _builder_version=&#8220;4.9.1&#8243; _module_preset=&#8220;default&#8220;][et_pb_text content_tablet=&#8220;&#8220; content_phone=&#8220;<\/p>\n<h1 style=%22text-align: center;%22>Das B\u00fcro Weyers ist in allen Bereichen der Architektur t\u00e4tig. Unser Aufgabenfeld reicht von der Projektvorbereitung, \u00fcber zur Bauleitung, bis hin zur ausf\u00fchrlichen Energieberatung.                                                                Wir begleiten sie in jeder Phase ihres Bauvorhabens, egal ob Einfamilienhaus, B\u00fcrogeb\u00e4ude oder Industriebauten.<\/h1>\n<p>&#8220; content_last_edited=&#8220;on|phone&#8220; _builder_version=&#8220;4.9.1&#8243; _module_preset=&#8220;default&#8220; text_line_height=&#8220;2.8em&#8220; header_font=&#8220;Arial||||||||&#8220; header_font_size=&#8220;26px&#8220; header_line_height=&#8220;1.2em&#8220; width=&#8220;123%&#8220; width_tablet=&#8220;&#8220; width_phone=&#8220;112%&#8220; width_last_edited=&#8220;on|phone&#8220; custom_margin=&#8220;-30px||-167px|-120px|false|false&#8220; custom_margin_tablet=&#8220;&#8220; custom_margin_phone=&#8220;-422px||-167px|-25px|false|false&#8220; custom_margin_last_edited=&#8220;on|phone&#8220;]<\/p>\n<h1 style=\"text-align: center;\">Das B\u00fcro Weyers ist in allen Bereichen der Architektur t\u00e4tig. Unser Aufgabenfeld reicht von der Projektvorbereitung, \u00fcber zur Bauleitung, bis hin zur ausf\u00fchrlichen Energieberatung. \u00a0 \u00a0 \u00a0 \u00a0 \u00a0 \u00a0 \u00a0 \u00a0 \u00a0 \u00a0 \u00a0 \u00a0 \u00a0 \u00a0 \u00a0 \u00a0 \u00a0 \u00a0 \u00a0 \u00a0 \u00a0 \u00a0 \u00a0Wir begleiten sie in jeder Phase ihres Bauvorhabens, egal ob Einfamilienhaus, B\u00fcrogeb\u00e4ude oder Industriebauten.<\/h1>\n<p>[\/et_pb_text][\/et_pb_column][\/et_pb_row][\/et_pb_section][et_pb_section fb_built=&#8220;1&#8243; _builder_version=&#8220;4.9.1&#8243; _module_preset=&#8220;default&#8220;][et_pb_row column_structure=&#8220;1_2,1_2&#8243; _builder_version=&#8220;4.9.1&#8243; _module_preset=&#8220;default&#8220;][et_pb_column type=&#8220;1_2&#8243; _builder_version=&#8220;4.9.1&#8243; _module_preset=&#8220;default&#8220;][et_pb_text _builder_version=&#8220;4.9.1&#8243; _dynamic_attributes=&#8220;link_option_url&#8220; _module_preset=&#8220;default&#8220; text_font=&#8220;Libre Baskerville|700|||||||&#8220; text_text_color=&#8220;#FFFFFF&#8220; header_font=&#8220;Arial|700|||||||&#8220; header_text_color=&#8220;#FFFFFF&#8220; header_font_size=&#8220;50px&#8220; background_color=&#8220;#FFFFFF&#8220; background_image=&#8220;http:\/\/weyers-architekten.de\/wp-content\/uploads\/2019\/09\/IMG_0419.jpg&#8220; width=&#8220;150%&#8220; width_tablet=&#8220;&#8220; width_phone=&#8220;120%&#8220; width_last_edited=&#8220;on|phone&#8220; height=&#8220;400px&#8220; height_tablet=&#8220;&#8220; height_phone=&#8220;350px&#8220; height_last_edited=&#8220;on|phone&#8220; custom_margin=&#8220;|||-280px|false|false&#8220; custom_margin_tablet=&#8220;&#8220; custom_margin_phone=&#8220;-190px|||-33px|false|false&#8220; custom_margin_last_edited=&#8220;on|phone&#8220; custom_padding=&#8220;166px|||190px|false|false&#8220; custom_padding_tablet=&#8220;&#8220; custom_padding_phone=&#8220;169px|||25px|false|false&#8220; custom_padding_last_edited=&#8220;on|phone&#8220; link_option_url=&#8220;@ET-DC@eyJkeW5hbWljIjp0cnVlLCJjb250ZW50IjoicG9zdF9saW5rX3VybF9wYWdlIiwic2V0dGluZ3MiOnsicG9zdF9pZCI6IjEwODIifX0=@&#8220; hover_enabled=&#8220;0&#8243; border_width_all=&#8220;5px&#8220; border_color_all=&#8220;#545454&#8243; locked=&#8220;off&#8220; content__hover_enabled=&#8220;on|hover&#8220; background__hover_enabled=&#8220;on|hover&#8220; transform_styles__hover_enabled=&#8220;on|hover&#8220; transform_scale__hover_enabled=&#8220;on|hover&#8220; transform_translate__hover_enabled=&#8220;on|hover&#8220; transform_rotate__hover_enabled=&#8220;on|hover&#8220; transform_skew__hover_enabled=&#8220;on|hover&#8220; transform_origin__hover_enabled=&#8220;on|hover&#8220; transform_scale__hover=&#8220;108%|108%&#8220; sticky_enabled=&#8220;0&#8243;]<\/p>\n<h1>Schwerpunkte<\/h1>\n<p>[\/et_pb_text][\/et_pb_column][et_pb_column type=&#8220;1_2&#8243; _builder_version=&#8220;4.9.1&#8243; _module_preset=&#8220;default&#8220;][et_pb_text content_tablet=&#8220;&#8220; content_phone=&#8220;<\/p>\n<h1>Dienst- leistungen<\/h1>\n<p>&#8220; content_last_edited=&#8220;on|phone&#8220; _builder_version=&#8220;4.9.1&#8243; _dynamic_attributes=&#8220;link_option_url&#8220; _module_preset=&#8220;default&#8220; text_font=&#8220;Libre Baskerville|700|||||||&#8220; text_text_color=&#8220;#FFFFFF&#8220; header_font=&#8220;Arial|700|||||||&#8220; header_text_color=&#8220;#FFFFFF&#8220; header_font_size=&#8220;50px&#8220; background_color=&#8220;#FFFFFF&#8220; background_image=&#8220;http:\/\/weyers-architekten.de\/wp-content\/uploads\/2019\/09\/IMG_0685.jpg&#8220; width=&#8220;150%&#8220; width_tablet=&#8220;&#8220; width_phone=&#8220;120%&#8220; width_last_edited=&#8220;on|phone&#8220; height=&#8220;400px&#8220; height_tablet=&#8220;&#8220; height_phone=&#8220;350px&#8220; height_last_edited=&#8220;on|phone&#8220; custom_margin=&#8220;|||0px|false|false&#8220; custom_margin_tablet=&#8220;&#8220; custom_margin_phone=&#8220;0px||-30px|-33px|false|false&#8220; custom_margin_last_edited=&#8220;on|phone&#8220; custom_padding=&#8220;180px|||185px|false|false&#8220; custom_padding_tablet=&#8220;&#8220; custom_padding_phone=&#8220;130px|||75px|false|false&#8220; custom_padding_last_edited=&#8220;on|phone&#8220; link_option_url=&#8220;@ET-DC@eyJkeW5hbWljIjp0cnVlLCJjb250ZW50IjoicG9zdF9saW5rX3VybF9wYWdlIiwic2V0dGluZ3MiOnsicG9zdF9pZCI6IjEwODAifX0=@&#8220; hover_enabled=&#8220;0&#8243; border_width_all=&#8220;5px&#8220; border_color_all=&#8220;#545454&#8243; transform_styles__hover_enabled=&#8220;on|hover&#8220; transform_scale__hover_enabled=&#8220;on|hover&#8220; transform_translate__hover_enabled=&#8220;on|desktop&#8220; transform_rotate__hover_enabled=&#8220;on|desktop&#8220; transform_skew__hover_enabled=&#8220;on|desktop&#8220; transform_origin__hover_enabled=&#8220;on|desktop&#8220; transform_scale__hover=&#8220;108%|108%&#8220; sticky_enabled=&#8220;0&#8243;]<\/p>\n<h1>Dienstleistungen<\/h1>\n<p>[\/et_pb_text][\/et_pb_column][\/et_pb_row][et_pb_row column_structure=&#8220;1_2,1_2&#8243; _builder_version=&#8220;4.9.1&#8243; _module_preset=&#8220;default&#8220; locked=&#8220;off&#8220;][et_pb_column type=&#8220;1_2&#8243; _builder_version=&#8220;4.9.1&#8243; _module_preset=&#8220;default&#8220;][et_pb_text _builder_version=&#8220;4.9.1&#8243; _dynamic_attributes=&#8220;link_option_url&#8220; _module_preset=&#8220;default&#8220; text_font=&#8220;Libre Baskerville|700|||||||&#8220; text_text_color=&#8220;#FFFFFF&#8220; header_font=&#8220;Arial|700|||||||&#8220; header_text_color=&#8220;#FFFFFF&#8220; header_font_size=&#8220;50px&#8220; background_color=&#8220;#FFFFFF&#8220; background_image=&#8220;http:\/\/weyers-architekten.de\/wp-content\/uploads\/2019\/09\/IMG_0356.jpg&#8220; width=&#8220;150%&#8220; width_tablet=&#8220;&#8220; width_phone=&#8220;120%&#8220; width_last_edited=&#8220;on|phone&#8220; height=&#8220;400px&#8220; height_tablet=&#8220;&#8220; height_phone=&#8220;350px&#8220; height_last_edited=&#8220;on|phone&#8220; custom_margin=&#8220;|||-280px|false|false&#8220; custom_margin_tablet=&#8220;&#8220; custom_margin_phone=&#8220;|||-33px|false|false&#8220; custom_margin_last_edited=&#8220;on|phone&#8220; custom_padding=&#8220;160px|||185px|false|false&#8220; custom_padding_tablet=&#8220;&#8220; custom_padding_phone=&#8220;145px|||10px|false|false&#8220; custom_padding_last_edited=&#8220;on|phone&#8220; link_option_url=&#8220;@ET-DC@eyJkeW5hbWljIjp0cnVlLCJjb250ZW50IjoicG9zdF9saW5rX3VybF9wYWdlIiwic2V0dGluZ3MiOnsicG9zdF9pZCI6IjEwODQifX0=@&#8220; border_width_all=&#8220;5px&#8220; border_color_all=&#8220;#545454&#8243; locked=&#8220;off&#8220; transform_styles__hover_enabled=&#8220;on|hover&#8220; transform_scale__hover_enabled=&#8220;on|hover&#8220; transform_translate__hover_enabled=&#8220;on|desktop&#8220; transform_rotate__hover_enabled=&#8220;on|desktop&#8220; transform_skew__hover_enabled=&#8220;on|desktop&#8220; transform_origin__hover_enabled=&#8220;on|desktop&#8220; transform_scale__hover=&#8220;108%|108%&#8220;]<\/p>\n<h1>Energieausweis<\/h1>\n<p>[\/et_pb_text][\/et_pb_column][et_pb_column type=&#8220;1_2&#8243; _builder_version=&#8220;4.9.1&#8243; _module_preset=&#8220;default&#8220;][et_pb_text _builder_version=&#8220;4.9.1&#8243; _dynamic_attributes=&#8220;link_option_url&#8220; _module_preset=&#8220;default&#8220; text_font=&#8220;Libre Baskerville|700|||||||&#8220; text_text_color=&#8220;#FFFFFF&#8220; header_font=&#8220;Arial|700|||||||&#8220; header_text_color=&#8220;#FFFFFF&#8220; header_font_size=&#8220;50px&#8220; background_color=&#8220;#FFFFFF&#8220; background_image=&#8220;http:\/\/weyers-architekten.de\/wp-content\/uploads\/2019\/09\/IMG_0357.jpg&#8220; width=&#8220;150%&#8220; width_tablet=&#8220;&#8220; width_phone=&#8220;120%&#8220; width_last_edited=&#8220;on|phone&#8220; height=&#8220;400px&#8220; height_tablet=&#8220;&#8220; height_phone=&#8220;350px&#8220; height_last_edited=&#8220;on|phone&#8220; custom_margin=&#8220;|||0px|false|false&#8220; custom_margin_tablet=&#8220;&#8220; custom_margin_phone=&#8220;||-30px|-33px|false|false&#8220; custom_margin_last_edited=&#8220;on|phone&#8220; custom_padding=&#8220;187px|||330px|false|false&#8220; custom_padding_tablet=&#8220;&#8220; custom_padding_phone=&#8220;215px|||70px|false|false&#8220; custom_padding_last_edited=&#8220;on|phone&#8220; link_option_url=&#8220;@ET-DC@eyJkeW5hbWljIjp0cnVlLCJjb250ZW50IjoicG9zdF9saW5rX3VybF9wYWdlIiwic2V0dGluZ3MiOnsicG9zdF9pZCI6IjEwODYifX0=@&#8220; border_width_all=&#8220;5px&#8220; border_color_all=&#8220;#545454&#8243; transform_styles__hover_enabled=&#8220;on|hover&#8220; transform_scale__hover_enabled=&#8220;on|hover&#8220; transform_translate__hover_enabled=&#8220;on|desktop&#8220; transform_rotate__hover_enabled=&#8220;on|desktop&#8220; transform_skew__hover_enabled=&#8220;on|desktop&#8220; transform_origin__hover_enabled=&#8220;on|desktop&#8220; transform_scale__hover=&#8220;108%|108%&#8220;]<\/p>\n<h1>Hamburger Energiepass<\/h1>\n<p>[\/et_pb_text][\/et_pb_column][\/et_pb_row][et_pb_row column_structure=&#8220;1_2,1_2&#8243; _builder_version=&#8220;4.9.1&#8243; _module_preset=&#8220;default&#8220; locked=&#8220;off&#8220;][et_pb_column type=&#8220;1_2&#8243; _builder_version=&#8220;4.9.1&#8243; _module_preset=&#8220;default&#8220;][et_pb_text _builder_version=&#8220;4.9.1&#8243; _dynamic_attributes=&#8220;link_option_url&#8220; _module_preset=&#8220;default&#8220; text_font=&#8220;Libre Baskerville|700|||||||&#8220; text_text_color=&#8220;#FFFFFF&#8220; header_font=&#8220;Arial|700|||||||&#8220; header_text_color=&#8220;#FFFFFF&#8220; header_font_size=&#8220;50px&#8220; background_color=&#8220;#FFFFFF&#8220; background_image=&#8220;http:\/\/weyers-architekten.de\/wp-content\/uploads\/2019\/09\/IMG_1276.jpg&#8220; width=&#8220;150%&#8220; width_tablet=&#8220;&#8220; width_phone=&#8220;120%&#8220; width_last_edited=&#8220;on|phone&#8220; height=&#8220;400px&#8220; height_tablet=&#8220;&#8220; height_phone=&#8220;350px&#8220; height_last_edited=&#8220;on|phone&#8220; custom_margin=&#8220;|||-280px|false|false&#8220; custom_margin_tablet=&#8220;&#8220; custom_margin_phone=&#8220;|||-33px|false|false&#8220; custom_margin_last_edited=&#8220;on|phone&#8220; custom_padding=&#8220;180px|||215px|false|false&#8220; custom_padding_tablet=&#8220;&#8220; custom_padding_phone=&#8220;170px|||35px|false|false&#8220; custom_padding_last_edited=&#8220;on|phone&#8220; link_option_url=&#8220;@ET-DC@eyJkeW5hbWljIjp0cnVlLCJjb250ZW50IjoicG9zdF9saW5rX3VybF9wYWdlIiwic2V0dGluZ3MiOnsicG9zdF9pZCI6IjEwODgifX0=@&#8220; hover_enabled=&#8220;0&#8243; border_width_all=&#8220;5px&#8220; border_color_all=&#8220;#545454&#8243; locked=&#8220;off&#8220; transform_styles__hover_enabled=&#8220;on|hover&#8220; transform_scale__hover_enabled=&#8220;on|hover&#8220; transform_translate__hover_enabled=&#8220;on|desktop&#8220; transform_rotate__hover_enabled=&#8220;on|desktop&#8220; transform_skew__hover_enabled=&#8220;on|desktop&#8220; transform_origin__hover_enabled=&#8220;on|desktop&#8220; transform_scale__hover=&#8220;108%|108%&#8220; sticky_enabled=&#8220;0&#8243;]<\/p>\n<h1>Thermografie<\/h1>\n<p>[\/et_pb_text][\/et_pb_column][et_pb_column type=&#8220;1_2&#8243; _builder_version=&#8220;4.9.1&#8243; _module_preset=&#8220;default&#8220;][et_pb_text _builder_version=&#8220;4.9.1&#8243; _dynamic_attributes=&#8220;link_option_url&#8220; _module_preset=&#8220;default&#8220; text_font=&#8220;Libre Baskerville|700|||||||&#8220; text_text_color=&#8220;#FFFFFF&#8220; header_font=&#8220;Arial|700|||||||&#8220; header_text_color=&#8220;#FFFFFF&#8220; header_font_size=&#8220;50px&#8220; background_color=&#8220;#FFFFFF&#8220; background_image=&#8220;http:\/\/weyers-architekten.de\/wp-content\/uploads\/2019\/09\/IMG_1134.jpg&#8220; width=&#8220;150%&#8220; width_tablet=&#8220;&#8220; width_phone=&#8220;120%&#8220; width_last_edited=&#8220;on|phone&#8220; height=&#8220;400px&#8220; height_tablet=&#8220;&#8220; height_phone=&#8220;350px&#8220; height_last_edited=&#8220;on|phone&#8220; custom_margin=&#8220;|||0px|false|false&#8220; custom_margin_tablet=&#8220;&#8220; custom_margin_phone=&#8220;||-40px|-33px|false|false&#8220; custom_margin_last_edited=&#8220;on|phone&#8220; custom_padding=&#8220;187px|||240px|false|false&#8220; custom_padding_tablet=&#8220;&#8220; custom_padding_phone=&#8220;170px||0px|60px|false|false&#8220; custom_padding_last_edited=&#8220;on|phone&#8220; link_option_url=&#8220;@ET-DC@eyJkeW5hbWljIjp0cnVlLCJjb250ZW50IjoicG9zdF9saW5rX3VybF9wYWdlIiwic2V0dGluZ3MiOnsicG9zdF9pZCI6IjEwOTAifX0=@&#8220; border_width_all=&#8220;5px&#8220; border_color_all=&#8220;#545454&#8243; transform_styles__hover_enabled=&#8220;on|hover&#8220; transform_scale__hover_enabled=&#8220;on|hover&#8220; transform_translate__hover_enabled=&#8220;on|desktop&#8220; transform_rotate__hover_enabled=&#8220;on|desktop&#8220; transform_skew__hover_enabled=&#8220;on|desktop&#8220; transform_origin__hover_enabled=&#8220;on|desktop&#8220; transform_scale__hover=&#8220;108%|108%&#8220;]<\/p>\n<h1>Blowerdoor<\/h1>\n<p>[\/et_pb_text][\/et_pb_column][\/et_pb_row][\/et_pb_section]<\/p>\n","protected":false},"excerpt":{"rendered":"<p>[et_pb_section fb_built=&#8220;1&#8243; _builder_version=&#8220;4.9.1&#8243; _module_preset=&#8220;default&#8220; locked=&#8220;off&#8220;][et_pb_row _builder_version=&#8220;4.9.1&#8243; _module_preset=&#8220;default&#8220;][et_pb_column type=&#8220;4_4&#8243; _builder_version=&#8220;4.9.1&#8243; _module_preset=&#8220;default&#8220;][et_pb_image src=&#8220;http:\/\/weyers-architekten.de\/wp-content\/uploads\/2021\/04\/Home-Bild.png&#8220; title_text=&#8220;Home-Bild&#8220; _builder_version=&#8220;4.9.1&#8243; _module_preset=&#8220;default&#8220; transform_scale_tablet=&#8220;&#8220; transform_scale_phone=&#8220;51%|25%&#8220; transform_scale_last_edited=&#8220;on|phone&#8220; transform_scale_linked_phone=&#8220;off&#8220; transform_translate_tablet=&#8220;&#8220; transform_translate_phone=&#8220;&#8220; transform_translate_last_edited=&#8220;on|phone&#8220; transform_rotate_tablet=&#8220;&#8220; transform_rotate_phone=&#8220;&#8220; transform_rotate_last_edited=&#8220;on|phone&#8220; transform_skew_tablet=&#8220;&#8220; transform_skew_phone=&#8220;&#8220; transform_skew_last_edited=&#8220;on|phone&#8220; transform_origin_tablet=&#8220;&#8220; transform_origin_phone=&#8220;&#8220; transform_origin_last_edited=&#8220;on|phone&#8220; transform_styles_last_edited=&#8220;on|phone&#8220; width=&#8220;238%&#8220; width_tablet=&#8220;&#8220; width_phone=&#8220;260%&#8220; width_last_edited=&#8220;on|phone&#8220; height=&#8220;1107px&#8220; custom_margin=&#8220;-200px|||-733px|false|false&#8220; custom_margin_tablet=&#8220;&#8220; custom_margin_phone=&#8220;-494px|||-279px|false|false&#8220; custom_margin_last_edited=&#8220;on|phone&#8220; transform_styles_tablet=&#8220;&#8220; transform_styles_phone=&#8220;&#8220;][\/et_pb_image][\/et_pb_column][\/et_pb_row][\/et_pb_section][et_pb_section fb_built=&#8220;1&#8243; _builder_version=&#8220;4.9.1&#8243; _module_preset=&#8220;default&#8220;][et_pb_row disabled_on=&#8220;off|off|off&#8220; _builder_version=&#8220;4.9.1&#8243; _module_preset=&#8220;default&#8220; custom_margin=&#8220;-110px|||0px|false|false&#8220;][et_pb_column type=&#8220;4_4&#8243; _builder_version=&#8220;4.9.1&#8243; _module_preset=&#8220;default&#8220;][et_pb_text _builder_version=&#8220;4.9.1&#8243; _module_preset=&#8220;default&#8220; header_font=&#8220;Arial|900|||||||&#8220; [&hellip;]<\/p>\n","protected":false},"author":2,"featured_media":0,"parent":0,"menu_order":0,"comment_status":"closed","ping_status":"closed","template":"","meta":{"_et_pb_use_builder":"on","_et_pb_old_content":"","_et_gb_content_width":""},"_links":{"self":[{"href":"http:\/\/weyers-architekten.de\/index.php?rest_route=\/wp\/v2\/pages\/985"}],"collection":[{"href":"http:\/\/weyers-architekten.de\/index.php?rest_route=\/wp\/v2\/pages"}],"about":[{"href":"http:\/\/weyers-architekten.de\/index.php?rest_route=\/wp\/v2\/types\/page"}],"author":[{"embeddable":true,"href":"http:\/\/weyers-architekten.de\/index.php?rest_route=\/wp\/v2\/users\/2"}],"replies":[{"embeddable":true,"href":"http:\/\/weyers-architekten.de\/index.php?rest_route=%2Fwp%2Fv2%2Fcomments&post=985"}],"version-history":[{"count":53,"href":"http:\/\/weyers-architekten.de\/index.php?rest_route=\/wp\/v2\/pages\/985\/revisions"}],"predecessor-version":[{"id":1638,"href":"http:\/\/weyers-architekten.de\/index.php?rest_route=\/wp\/v2\/pages\/985\/revisions\/1638"}],"wp:attachment":[{"href":"http:\/\/weyers-architekten.de\/index.php?rest_route=%2Fwp%2Fv2%2Fmedia&parent=985"}],"curies":[{"name":"wp","href":"https:\/\/api.w.org\/{rel}","templated":true}]}}